{"id":425,"date":"2025-04-24T22:36:36","date_gmt":"2025-04-25T01:36:36","guid":{"rendered":"https:\/\/cuidativa.ufpel.edu.br\/wordpress\/?page_id=425"},"modified":"2025-06-30T16:45:39","modified_gmt":"2025-06-30T19:45:39","slug":"qelca","status":"publish","type":"page","link":"https:\/\/cuidativa.ufpel.edu.br\/index.php\/qelca\/","title":{"rendered":"QELCA"},"content":{"rendered":"\n<p><strong>CURSO DE FORMA\u00c7\u00c3O DO PROGRAMA QELCA@ &#8211; Quality End of Life Care for ALL<\/strong>&#8211; Cuidados de Fim de Vida com Qualidade para todos<\/p>\n\n\n<div class=\"wp-block-image\">\n<figure class=\"aligncenter\"><img decoding=\"async\" src=\"https:\/\/lh7-rt.googleusercontent.com\/docsz\/AD_4nXer_kH3lxy66JcNAhfcIqzyGiaI-CGQ3bPqXwyxScZR-vQToBONS0ThVsJOquLLHsRFyC9Sv23D8url2X8QYWIDzbXYDTOtyPb4onzvT71y39jAjX1iU2TimUMCdpfn39bNraFJPnVlIMjfClMl6ys?key=23gwUqfmp2xhbRbR3K0o4J-a\" alt=\"\"\/><\/figure>\n<\/div>\n\n\n<p>Nas \u00faltimas d\u00e9cadas, verifica-se que a popula\u00e7\u00e3o tem vivido por mais tempo e com comorbidades complexas, o que resulta em desafios significativos para muitos dos sistemas de sa\u00fade pelo mundo.&nbsp;<\/p>\n\n\n\n<p>Focar em educa\u00e7\u00e3o e treinamento da for\u00e7a de trabalho que presta a maior parte dos cuidados no fim da vida \u00e9 uma estrat\u00e9gia fundamental para garantir que o processo de morte seja acompanhado por profissionais com habilidade e compaix\u00e3o.<\/p>\n\n\n\n<p>Em tradu\u00e7\u00e3o livre, QELCA\u00ae (Quality End of Life Care for All) significa Cuidados de Fim de Vida com Qualidade para Todos. Originado e validado pelo St. Christopher&#8217;s Hospice \u2013 ber\u00e7o mundial dos Cuidados Paliativos, o programa busca empoderar equipes de profissionais de qualquer \u00e1rea ou disciplina cl\u00ednica para liderarem a presta\u00e7\u00e3o de cuidados de alta qualidade aos pacientes no fim da vida e \u00e0s suas fam\u00edlias.<\/p>\n\n\n\n<p>E n\u00f3s, da CUID<strong>ATIVA<\/strong> , somos certificados pelo Programa que \u00e9 realizado pelo Instituto Premier.<\/p>\n\n\n<div class=\"wp-block-image\">\n<figure class=\"aligncenter\"><img decoding=\"async\" src=\"https:\/\/lh7-rt.googleusercontent.com\/docsz\/AD_4nXeB7HbhmonVNgAYNqW6WK4YmFcWT2fVtOIwOGKrINMcgDa8K1lTM91psqoiQHOm5K7zArPuzJ-nvGYywtCmm3h8IRPfIy_cCKci7ZGTFdr4u7lvT1-ku0SmCpJad5rYZ5wYeu7aaNTyru9WpZw5nKs?key=23gwUqfmp2xhbRbR3K0o4J-a\" alt=\"\"\/><\/figure>\n<\/div>\n\n<div class=\"wp-block-image\">\n<figure class=\"aligncenter\"><img decoding=\"async\" src=\"https:\/\/lh7-rt.googleusercontent.com\/docsz\/AD_4nXe-C2Y57-1VWkX8TTt0o6KisNJ1D5ro_FIEIOLvjT424QPmyvwghduxHAVgMQ9yliHObQ_XckfvQBYX6A-K6S27tjqXowL0TjUKI0QrOlxq3vH09j83lPowB5u3zTLH2tghtzqmslsv--aKfASiHMM?key=23gwUqfmp2xhbRbR3K0o4J-a\" alt=\"\"\/><\/figure>\n<\/div>\n\n\n<p><strong>Primeira Turma \/ 2022<\/strong><\/p>\n\n\n<div class=\"wp-block-image\">\n<figure class=\"aligncenter\"><img decoding=\"async\" src=\"https:\/\/lh7-rt.googleusercontent.com\/docsz\/AD_4nXfDw53u1gwlwVnkcJb10CV87hqKilfHoicw_BReBi5kSbXadecVA7BZhhqxRvAWigsPUt5GyZNqfEciCqz7BZeB9Kg-pU2jSoCmu2zQx_GWp3F5DmXIOgzDusQe_dGhC1__D-oLfjUaTehcKvmwZzY?key=23gwUqfmp2xhbRbR3K0o4J-a\" alt=\"\"\/><\/figure>\n<\/div>\n\n<div class=\"wp-block-image\">\n<figure class=\"aligncenter\"><img decoding=\"async\" src=\"https:\/\/lh7-rt.googleusercontent.com\/docsz\/AD_4nXeMQhUtUmhyvJgw7R0Y6wTQOaIsLAgb5r7ElBL3_uB6iE_NCQKvFyfAmDmLmZ9F-uNwz-bEA0pR251shTVkhZbZyqWJ1IvvF0vu5xw6l_BFHf4HFWM_sf0mc0Z-MktgOxIop3yJqDiA9iUNRUZI6e8?key=23gwUqfmp2xhbRbR3K0o4J-a\" alt=\"\"\/><\/figure>\n<\/div>\n\n<div class=\"wp-block-image\">\n<figure class=\"aligncenter\"><img decoding=\"async\" src=\"https:\/\/lh7-rt.googleusercontent.com\/docsz\/AD_4nXfCNpmE2hfoUskmrjoaJHNu7WZdZpSWU5drN7pqGQtGJG9T0UsAhkSifVCd_z8HM-iFhg_PwurWv6cFou49vRLulevqNu4-8MR2UzQ3_W7mf_f3zQy8_BQrpaK3y2T3llVXK7N53wIRaXkSOIj958g?key=23gwUqfmp2xhbRbR3K0o4J-a\" alt=\"\"\/><\/figure>\n<\/div>\n\n<div class=\"wp-block-image\">\n<figure class=\"aligncenter is-resized\"><img decoding=\"async\" src=\"https:\/\/lh7-rt.googleusercontent.com\/docsz\/AD_4nXe3WBkx1rlH6ioz2QMRWB35uycXcU7GnAtHhmlKQ9t6j26S2ziToY3uK_67nJrUmchYHC4LSTCj587ZiKvEJ5OPj4j7Vb8bjMcMaJY82IZkguY1FTrvjpR8_IUmRrm2kJK_snWk1dtbZh0m0kk2nm8?key=23gwUqfmp2xhbRbR3K0o4J-a\" alt=\"\" style=\"width:500px\"\/><\/figure>\n<\/div>\n\n\n<p><strong>Segunda Turma 2024<\/strong><\/p>\n\n\n\n<div class=\"wp-block-group is-content-justification-center is-nowrap is-layout-flex wp-container-core-group-is-layout-94bc23d7 wp-block-group-is-layout-flex\">\n<figure class=\"wp-block-image size-full is-resized\"><img loading=\"lazy\" decoding=\"async\" width=\"535\" height=\"401\" src=\"https:\/\/cuidativa.ufpel.edu.br\/wordpress\/wp-content\/uploads\/2025\/06\/image-11.png\" alt=\"\" class=\"wp-image-1079\" style=\"width:419px;height:auto\" srcset=\"https:\/\/cuidativa.ufpel.edu.br\/wp-content\/uploads\/2025\/06\/image-11.png 535w, https:\/\/cuidativa.ufpel.edu.br\/wp-content\/uploads\/2025\/06\/image-11-400x300.png 400w\" sizes=\"auto, (max-width: 535px) 100vw, 535px\" \/><\/figure>\n\n\n\n<figure class=\"wp-block-image size-full is-resized\"><img loading=\"lazy\" decoding=\"async\" width=\"607\" height=\"455\" src=\"https:\/\/cuidativa.ufpel.edu.br\/wordpress\/wp-content\/uploads\/2025\/06\/image-12.png\" alt=\"\" class=\"wp-image-1080\" style=\"width:414px;height:auto\" srcset=\"https:\/\/cuidativa.ufpel.edu.br\/wp-content\/uploads\/2025\/06\/image-12.png 607w, https:\/\/cuidativa.ufpel.edu.br\/wp-content\/uploads\/2025\/06\/image-12-400x300.png 400w\" sizes=\"auto, (max-width: 607px) 100vw, 607px\" \/><\/figure>\n<\/div>\n\n\n\n<p>Fotos &#8211; Reflex\u00f5es<\/p>\n\n\n\n<div class=\"wp-block-group is-nowrap is-layout-flex wp-container-core-group-is-layout-ad2f72ca wp-block-group-is-layout-flex\">\n<figure class=\"wp-block-gallery has-nested-images columns-default is-cropped wp-block-gallery-1 is-layout-flex wp-block-gallery-is-layout-flex\">\n<figure class=\"wp-block-image size-large\"><img loading=\"lazy\" decoding=\"async\" width=\"459\" height=\"612\" data-id=\"1083\" src=\"https:\/\/cuidativa.ufpel.edu.br\/wordpress\/wp-content\/uploads\/2025\/06\/image-15.png\" alt=\"\" class=\"wp-image-1083\" srcset=\"https:\/\/cuidativa.ufpel.edu.br\/wp-content\/uploads\/2025\/06\/image-15.png 459w, https:\/\/cuidativa.ufpel.edu.br\/wp-content\/uploads\/2025\/06\/image-15-300x400.png 300w\" sizes=\"auto, (max-width: 459px) 100vw, 459px\" \/><\/figure>\n\n\n\n<figure class=\"wp-block-image size-large\"><img loading=\"lazy\" decoding=\"async\" width=\"703\" height=\"527\" data-id=\"1082\" src=\"https:\/\/cuidativa.ufpel.edu.br\/wordpress\/wp-content\/uploads\/2025\/06\/image-14.png\" alt=\"\" class=\"wp-image-1082\" srcset=\"https:\/\/cuidativa.ufpel.edu.br\/wp-content\/uploads\/2025\/06\/image-14.png 703w, https:\/\/cuidativa.ufpel.edu.br\/wp-content\/uploads\/2025\/06\/image-14-400x300.png 400w\" sizes=\"auto, (max-width: 703px) 100vw, 703px\" \/><\/figure>\n\n\n\n<figure class=\"wp-block-image size-large\"><img loading=\"lazy\" decoding=\"async\" width=\"762\" height=\"571\" data-id=\"1081\" src=\"https:\/\/cuidativa.ufpel.edu.br\/wordpress\/wp-content\/uploads\/2025\/06\/image-13.png\" alt=\"\" class=\"wp-image-1081\" srcset=\"https:\/\/cuidativa.ufpel.edu.br\/wp-content\/uploads\/2025\/06\/image-13.png 762w, https:\/\/cuidativa.ufpel.edu.br\/wp-content\/uploads\/2025\/06\/image-13-400x300.png 400w\" sizes=\"auto, (max-width: 762px) 100vw, 762px\" \/><\/figure>\n<\/figure>\n<\/div>\n\n\n\n<p>Fotos &#8211; Emo\u00e7\u00f5es<\/p>\n\n\n\n<figure class=\"wp-block-gallery aligncenter has-nested-images columns-default is-cropped wp-block-gallery-2 is-layout-flex wp-block-gallery-is-layout-flex\">\n<figure class=\"wp-block-image size-full\"><img loading=\"lazy\" decoding=\"async\" width=\"697\" height=\"929\" data-id=\"1084\" src=\"https:\/\/cuidativa.ufpel.edu.br\/wordpress\/wp-content\/uploads\/2025\/06\/image-16.png\" alt=\"\" class=\"wp-image-1084\" srcset=\"https:\/\/cuidativa.ufpel.edu.br\/wp-content\/uploads\/2025\/06\/image-16.png 697w, https:\/\/cuidativa.ufpel.edu.br\/wp-content\/uploads\/2025\/06\/image-16-300x400.png 300w\" sizes=\"auto, (max-width: 697px) 100vw, 697px\" \/><\/figure>\n\n\n\n<figure class=\"wp-block-image size-full\"><img loading=\"lazy\" decoding=\"async\" width=\"1600\" height=\"1200\" data-id=\"1085\" src=\"https:\/\/cuidativa.ufpel.edu.br\/wordpress\/wp-content\/uploads\/2025\/06\/image-17.png\" alt=\"\" class=\"wp-image-1085\" srcset=\"https:\/\/cuidativa.ufpel.edu.br\/wp-content\/uploads\/2025\/06\/image-17.png 1600w, https:\/\/cuidativa.ufpel.edu.br\/wp-content\/uploads\/2025\/06\/image-17-400x300.png 400w, https:\/\/cuidativa.ufpel.edu.br\/wp-content\/uploads\/2025\/06\/image-17-1024x768.png 1024w, https:\/\/cuidativa.ufpel.edu.br\/wp-content\/uploads\/2025\/06\/image-17-768x576.png 768w, https:\/\/cuidativa.ufpel.edu.br\/wp-content\/uploads\/2025\/06\/image-17-1536x1152.png 1536w\" sizes=\"auto, (max-width: 1600px) 100vw, 1600px\" \/><\/figure>\n<\/figure>\n\n\n\n<p>Fotos &#8211; Viv\u00eancias<\/p>\n\n\n\n<p><\/p>\n","protected":false},"excerpt":{"rendered":"<p>CURSO DE FORMA\u00c7\u00c3O DO PROGRAMA QELCA@ &#8211; Quality End of Life Care for ALL&#8211; Cuidados de Fim de Vida com Qualidade para todos Nas \u00faltimas d\u00e9cadas, verifica-se que a popula\u00e7\u00e3o tem vivido por mais tempo e com comorbidades complexas, o que resulta em desafios significativos para muitos dos sistemas de sa\u00fade pelo mundo.&nbsp; Focar em [&hellip;]<\/p>\n","protected":false},"author":1,"featured_media":0,"parent":0,"menu_order":0,"comment_status":"closed","ping_status":"closed","template":"","meta":{"footnotes":""},"class_list":["post-425","page","type-page","status-publish","hentry"],"_links":{"self":[{"href":"https:\/\/cuidativa.ufpel.edu.br\/index.php\/wp-json\/wp\/v2\/pages\/425","targetHints":{"allow":["GET"]}}],"collection":[{"href":"https:\/\/cuidativa.ufpel.edu.br\/index.php\/wp-json\/wp\/v2\/pages"}],"about":[{"href":"https:\/\/cuidativa.ufpel.edu.br\/index.php\/wp-json\/wp\/v2\/types\/page"}],"author":[{"embeddable":true,"href":"https:\/\/cuidativa.ufpel.edu.br\/index.php\/wp-json\/wp\/v2\/users\/1"}],"replies":[{"embeddable":true,"href":"https:\/\/cuidativa.ufpel.edu.br\/index.php\/wp-json\/wp\/v2\/comments?post=425"}],"version-history":[{"count":8,"href":"https:\/\/cuidativa.ufpel.edu.br\/index.php\/wp-json\/wp\/v2\/pages\/425\/revisions"}],"predecessor-version":[{"id":1178,"href":"https:\/\/cuidativa.ufpel.edu.br\/index.php\/wp-json\/wp\/v2\/pages\/425\/revisions\/1178"}],"wp:attachment":[{"href":"https:\/\/cuidativa.ufpel.edu.br\/index.php\/wp-json\/wp\/v2\/media?parent=425"}],"curies":[{"name":"wp","href":"https:\/\/api.w.org\/{rel}","templated":true}]}}