{"id":406,"date":"2025-04-24T22:17:28","date_gmt":"2025-04-25T01:17:28","guid":{"rendered":"https:\/\/cuidativa.ufpel.edu.br\/wordpress\/?page_id=406"},"modified":"2025-06-30T14:04:17","modified_gmt":"2025-06-30T17:04:17","slug":"politica-nacional-de-cuidados-paliativos-pncp","status":"publish","type":"page","link":"https:\/\/cuidativa.ufpel.edu.br\/index.php\/politica-nacional-de-cuidados-paliativos-pncp\/","title":{"rendered":"Pol\u00edtica Nacional de Cuidados Paliativos (PNCP)"},"content":{"rendered":"\n<div class=\"wp-block-columns is-layout-flex wp-container-core-columns-is-layout-9d6595d7 wp-block-columns-is-layout-flex\">\n<div class=\"wp-block-column is-layout-flow wp-block-column-is-layout-flow\" style=\"flex-basis:100%\">\n<p>A constru\u00e7\u00e3o da Pol\u00edtica de Cuidados Paliativos nos espa\u00e7os de controle social no Brasil foi um processo colaborativo e participativo. Ela envolveu a atua\u00e7\u00e3o de diversos atores, como profissionais de sa\u00fade, pacientes, familiares, organiza\u00e7\u00f5es da sociedade civil e entidades de defesa dos direitos humanos. Esses grupos participaram de debates, audi\u00eancias p\u00fablicas e f\u00f3runs, contribuindo com suas experi\u00eancias e demandas para moldar a legisla\u00e7\u00e3o. Essa participa\u00e7\u00e3o ativa foi fundamental para garantir que a pol\u00edtica atendesse \u00e0s necessidades reais da popula\u00e7\u00e3o e fosse constru\u00edda de forma democr\u00e1tica, promovendo maior legitimidade e efetividade na implementa\u00e7\u00e3o dos cuidados paliativos no pa\u00eds. <a href=\"https:\/\/bvsms.saude.gov.br\/bvs\/saudelegis\/gm\/2024\/prt3681_22_05_2024.html\">Clique aqui<\/a> e leia a \u00edntegra da Portaria.<\/p>\n<\/div>\n<\/div>\n\n\n\n<figure class=\"wp-block-image size-full\"><img loading=\"lazy\" decoding=\"async\" width=\"1024\" height=\"400\" src=\"https:\/\/cuidativa.ufpel.edu.br\/wordpress\/wp-content\/uploads\/2025\/06\/2-PNCP-3.png\" alt=\"\" class=\"wp-image-1155\" srcset=\"https:\/\/cuidativa.ufpel.edu.br\/wp-content\/uploads\/2025\/06\/2-PNCP-3.png 1024w, https:\/\/cuidativa.ufpel.edu.br\/wp-content\/uploads\/2025\/06\/2-PNCP-3-400x156.png 400w, https:\/\/cuidativa.ufpel.edu.br\/wp-content\/uploads\/2025\/06\/2-PNCP-3-768x300.png 768w\" sizes=\"auto, (max-width: 1024px) 100vw, 1024px\" \/><\/figure>\n\n\n\n<p>A aprova\u00e7\u00e3o da <strong>Pol\u00edtica Nacional de Cuidados Paliativos (PNCP)<\/strong> \u00e9 de suma import\u00e2ncia, pois norteia a organiza\u00e7\u00e3o do cuidado em \u00e2mbito nacional e sua implementa\u00e7\u00e3o no SUS. Com isso, prev\u00ea o acesso de pacientes com doen\u00e7as graves ou terminais \u00e0 aten\u00e7\u00e3o adequada, aliviando dores e melhorando a qualidade de vida. Essa lei ajuda a promover o respeito e as escolhas do paciente, oferece suporte emocional, assegura que o tratamento seja humanizado. Assim, ela valoriza a dignidade das pessoas em momentos delicados, promovendo um cuidado mais compassivo e justo para todos.<\/p>\n\n\n\n<div class=\"wp-block-columns is-layout-flex wp-container-core-columns-is-layout-9d6595d7 wp-block-columns-is-layout-flex\">\n<div class=\"wp-block-column is-layout-flow wp-block-column-is-layout-flow\" style=\"flex-basis:100%\">\n<figure class=\"wp-block-embed is-type-video is-provider-youtube wp-block-embed-youtube wp-embed-aspect-16-9 wp-has-aspect-ratio\"><div class=\"wp-block-embed__wrapper\">\n<iframe loading=\"lazy\" title=\"#AoVivo | Lan\u00e7amento da Pol\u00edtica Nacional de Cuidados Paliativos no \u00e2mbito do Sistema \u00danico de Sa\u00fade\" width=\"500\" height=\"281\" src=\"https:\/\/www.youtube.com\/embed\/ku5x3Krdm9U?feature=oembed\" frameborder=\"0\" allow=\"accelerometer; autoplay; clipboard-write; encrypted-media; gyroscope; picture-in-picture; web-share\" referrerpolicy=\"strict-origin-when-cross-origin\" allowfullscreen><\/iframe>\n<\/div><\/figure>\n<\/div>\n<\/div>\n","protected":false},"excerpt":{"rendered":"<p>A constru\u00e7\u00e3o da Pol\u00edtica de Cuidados Paliativos nos espa\u00e7os de controle social no Brasil foi um processo colaborativo e participativo. Ela envolveu a atua\u00e7\u00e3o de diversos atores, como profissionais de sa\u00fade, pacientes, familiares, organiza\u00e7\u00f5es da sociedade civil e entidades de defesa dos direitos humanos. Esses grupos participaram de debates, audi\u00eancias p\u00fablicas e f\u00f3runs, contribuindo com [&hellip;]<\/p>\n","protected":false},"author":1,"featured_media":0,"parent":0,"menu_order":0,"comment_status":"closed","ping_status":"closed","template":"","meta":{"footnotes":""},"class_list":["post-406","page","type-page","status-publish","hentry"],"_links":{"self":[{"href":"https:\/\/cuidativa.ufpel.edu.br\/index.php\/wp-json\/wp\/v2\/pages\/406","targetHints":{"allow":["GET"]}}],"collection":[{"href":"https:\/\/cuidativa.ufpel.edu.br\/index.php\/wp-json\/wp\/v2\/pages"}],"about":[{"href":"https:\/\/cuidativa.ufpel.edu.br\/index.php\/wp-json\/wp\/v2\/types\/page"}],"author":[{"embeddable":true,"href":"https:\/\/cuidativa.ufpel.edu.br\/index.php\/wp-json\/wp\/v2\/users\/1"}],"replies":[{"embeddable":true,"href":"https:\/\/cuidativa.ufpel.edu.br\/index.php\/wp-json\/wp\/v2\/comments?post=406"}],"version-history":[{"count":10,"href":"https:\/\/cuidativa.ufpel.edu.br\/index.php\/wp-json\/wp\/v2\/pages\/406\/revisions"}],"predecessor-version":[{"id":1156,"href":"https:\/\/cuidativa.ufpel.edu.br\/index.php\/wp-json\/wp\/v2\/pages\/406\/revisions\/1156"}],"wp:attachment":[{"href":"https:\/\/cuidativa.ufpel.edu.br\/index.php\/wp-json\/wp\/v2\/media?parent=406"}],"curies":[{"name":"wp","href":"https:\/\/api.w.org\/{rel}","templated":true}]}}