{"id":35,"date":"2025-01-04T19:10:45","date_gmt":"2025-01-04T22:10:45","guid":{"rendered":"https:\/\/cuidativa.ufpel.edu.br\/wordpress\/?page_id=35"},"modified":"2025-06-30T16:51:26","modified_gmt":"2025-06-30T19:51:26","slug":"congresso-de-cuidados-paliativos-do-mercosul","status":"publish","type":"page","link":"https:\/\/cuidativa.ufpel.edu.br\/index.php\/congresso-de-cuidados-paliativos-do-mercosul\/","title":{"rendered":"Eventos"},"content":{"rendered":"\n<p><strong>Congresso de Cuidados Paliativos do Mercosul<\/strong><\/p>\n\n\n\n<p>\u00c9 uma atividade que qualifica a import\u00e2ncia dos cuidados paliativos na forma\u00e7\u00e3o daqueles que se interessam pelo tema e que possivelmente estar\u00e3o diante de pessoas que apresentam doen\u00e7as amea\u00e7adoras \u00e0 vida em diferentes cen\u00e1rios assistenciais. a primeira edi\u00e7\u00e3o foi em 2014 e desde ent\u00e3o ocorre de forma bianual e re\u00fane profissionais das mais diversas \u00e1reas e pa\u00edses que comp\u00f5em o Mercosul.<\/p>\n\n\n\n<figure class=\"wp-block-embed is-type-video is-provider-youtube wp-block-embed-youtube wp-embed-aspect-16-9 wp-has-aspect-ratio\"><div class=\"wp-block-embed__wrapper\">\n<iframe loading=\"lazy\" title=\"Congresso de Cuidados Paliativos do Mercosul\" width=\"500\" height=\"281\" src=\"https:\/\/www.youtube.com\/embed\/haEvn0miRAU?feature=oembed\" frameborder=\"0\" allow=\"accelerometer; autoplay; clipboard-write; encrypted-media; gyroscope; picture-in-picture; web-share\" referrerpolicy=\"strict-origin-when-cross-origin\" allowfullscreen><\/iframe>\n<\/div><\/figure>\n\n\n\n<p>A Comiss\u00e3o Organizadora e a Comiss\u00e3o Cient\u00edfica do Congresso de Cuidados Paliativos do Mercosul trabalham para construir tem\u00e1ticas singulares e programa\u00e7\u00f5es diversificadas a serem socializadas atrav\u00e9s de confer\u00eancias, mesas redondas, minicursos e apresenta\u00e7\u00f5es de trabalhos cient\u00edficos, nas modalidades de p\u00f4steres e orais.<\/p>\n\n\n\n<p>Neste contexto convidamos cada pessoa dirigente, gestor\/a, t\u00e9cnic@, professor\/a, profissional ou volunt\u00e1ri@, estudante, cuidador\/a, apoiador\/a solid\u00e1ri@ e suas respectivas comunidades CUID<strong>ATIVAS<\/strong>, a participarem e desfrutarem destas oportunidades, para aprender-ensinando e ensinar-aprendendo&nbsp; sobre o progresso no campo dos cuidados paliativos, tanto no atendimento a pacientes e familiares, quanto no desenvolvimento de programas e redes regionais, como no compartilhamento de experi\u00eancias entre grupos afins e comunidades CUID<strong>ATIVAS<\/strong>.&nbsp;<\/p>\n\n\n\n<p>Conclamamos tamb\u00e9m para aproveitarmos intensamente estes encontros extraordin\u00e1rios para fortalecermos nossas lutas locais-globais, nossas organiza\u00e7\u00f5es e ampliarmos nossa integra\u00e7\u00e3o regional, como paliativistas militantes, em comunh\u00e3o com usu\u00e1rios dos Cuidados Paliativos, de forma pluriversit\u00e1ria.<\/p>\n\n\n\n<p>Estamos ampliando e qualificando nossas a\u00e7\u00f5es e, ao mesmo tempo em que resistimos bravamente, sem esclarecimentos,&nbsp; aos contratempos pol\u00edticos e \u00e0s incompreens\u00f5es te\u00f3ricas, em todos os lugares onde atuamos. Estamos felizes e solid\u00e1rias\/os com suas presen\u00e7as sistem\u00e1ticas em Pelotas \u2013 sul do RS, Brasil, presenteando-nos com seus ac\u00famulos pr\u00e1tico-te\u00f3ricos e prestigiando os avan\u00e7os, os limites e os desafios dos Cuidados Paliativos na Unidade CUID<strong>ATIVA<\/strong> da UFPel.<\/p>\n\n\n\n<p><strong>Primeira edi\u00e7\u00e3o<\/strong><\/p>\n\n\n<div class=\"wp-block-image\">\n<figure class=\"aligncenter size-large is-resized\"><img loading=\"lazy\" decoding=\"async\" width=\"724\" height=\"1024\" src=\"https:\/\/cuidativa.ufpel.edu.br\/wordpress\/wp-content\/uploads\/2025\/06\/image-18-724x1024.png\" alt=\"\" class=\"wp-image-1088\" style=\"width:420px;height:auto\" srcset=\"https:\/\/cuidativa.ufpel.edu.br\/wp-content\/uploads\/2025\/06\/image-18-724x1024.png 724w, https:\/\/cuidativa.ufpel.edu.br\/wp-content\/uploads\/2025\/06\/image-18-283x400.png 283w, https:\/\/cuidativa.ufpel.edu.br\/wp-content\/uploads\/2025\/06\/image-18-768x1086.png 768w, https:\/\/cuidativa.ufpel.edu.br\/wp-content\/uploads\/2025\/06\/image-18.png 905w\" sizes=\"auto, (max-width: 724px) 100vw, 724px\" \/><\/figure>\n<\/div>\n\n\n<p><strong>Segunda edi\u00e7\u00e3o<\/strong><\/p>\n\n\n<div class=\"wp-block-image\">\n<figure class=\"aligncenter size-large is-resized\"><img loading=\"lazy\" decoding=\"async\" width=\"930\" height=\"1024\" src=\"https:\/\/cuidativa.ufpel.edu.br\/wordpress\/wp-content\/uploads\/2025\/06\/image-19-930x1024.png\" alt=\"\" class=\"wp-image-1090\" style=\"width:421px;height:auto\" srcset=\"https:\/\/cuidativa.ufpel.edu.br\/wp-content\/uploads\/2025\/06\/image-19-930x1024.png 930w, https:\/\/cuidativa.ufpel.edu.br\/wp-content\/uploads\/2025\/06\/image-19-363x400.png 363w, https:\/\/cuidativa.ufpel.edu.br\/wp-content\/uploads\/2025\/06\/image-19-768x846.png 768w, https:\/\/cuidativa.ufpel.edu.br\/wp-content\/uploads\/2025\/06\/image-19.png 1162w\" sizes=\"auto, (max-width: 930px) 100vw, 930px\" \/><\/figure>\n<\/div>\n\n\n<p><strong>Terceira edi\u00e7\u00e3o<\/strong><\/p>\n\n\n<div class=\"wp-block-image\">\n<figure class=\"aligncenter size-large is-resized\"><img loading=\"lazy\" decoding=\"async\" width=\"723\" height=\"1024\" src=\"https:\/\/cuidativa.ufpel.edu.br\/wordpress\/wp-content\/uploads\/2025\/06\/image-20-723x1024.png\" alt=\"\" class=\"wp-image-1091\" style=\"width:419px;height:auto\" srcset=\"https:\/\/cuidativa.ufpel.edu.br\/wp-content\/uploads\/2025\/06\/image-20-723x1024.png 723w, https:\/\/cuidativa.ufpel.edu.br\/wp-content\/uploads\/2025\/06\/image-20-283x400.png 283w, https:\/\/cuidativa.ufpel.edu.br\/wp-content\/uploads\/2025\/06\/image-20-768x1087.png 768w, https:\/\/cuidativa.ufpel.edu.br\/wp-content\/uploads\/2025\/06\/image-20.png 904w\" sizes=\"auto, (max-width: 723px) 100vw, 723px\" \/><\/figure>\n<\/div>\n\n\n<p><strong>Quarta edi\u00e7\u00e3o<\/strong><\/p>\n\n\n<div class=\"wp-block-image\">\n<figure class=\"aligncenter size-large is-resized\"><img loading=\"lazy\" decoding=\"async\" width=\"725\" height=\"1024\" src=\"https:\/\/cuidativa.ufpel.edu.br\/wordpress\/wp-content\/uploads\/2025\/06\/image-21-725x1024.png\" alt=\"\" class=\"wp-image-1092\" style=\"width:421px;height:auto\" srcset=\"https:\/\/cuidativa.ufpel.edu.br\/wp-content\/uploads\/2025\/06\/image-21-725x1024.png 725w, https:\/\/cuidativa.ufpel.edu.br\/wp-content\/uploads\/2025\/06\/image-21-283x400.png 283w, https:\/\/cuidativa.ufpel.edu.br\/wp-content\/uploads\/2025\/06\/image-21-768x1085.png 768w, https:\/\/cuidativa.ufpel.edu.br\/wp-content\/uploads\/2025\/06\/image-21-1087x1536.png 1087w, https:\/\/cuidativa.ufpel.edu.br\/wp-content\/uploads\/2025\/06\/image-21.png 1241w\" sizes=\"auto, (max-width: 725px) 100vw, 725px\" \/><\/figure>\n<\/div>\n\n\n<p><strong>Quinta edi\u00e7\u00e3o<\/strong><\/p>\n\n\n<div class=\"wp-block-image\">\n<figure class=\"aligncenter size-full is-resized\"><img loading=\"lazy\" decoding=\"async\" width=\"851\" height=\"787\" src=\"https:\/\/cuidativa.ufpel.edu.br\/wordpress\/wp-content\/uploads\/2025\/06\/image-22.png\" alt=\"\" class=\"wp-image-1093\" style=\"width:421px;height:auto\" srcset=\"https:\/\/cuidativa.ufpel.edu.br\/wp-content\/uploads\/2025\/06\/image-22.png 851w, https:\/\/cuidativa.ufpel.edu.br\/wp-content\/uploads\/2025\/06\/image-22-400x370.png 400w, https:\/\/cuidativa.ufpel.edu.br\/wp-content\/uploads\/2025\/06\/image-22-768x710.png 768w\" sizes=\"auto, (max-width: 851px) 100vw, 851px\" \/><\/figure>\n<\/div>\n\n\n<p><strong>Sexta edi\u00e7\u00e3o<\/strong><\/p>\n\n\n<div class=\"wp-block-image\">\n<figure class=\"aligncenter size-large is-resized\"><img loading=\"lazy\" decoding=\"async\" width=\"1024\" height=\"460\" src=\"https:\/\/cuidativa.ufpel.edu.br\/wordpress\/wp-content\/uploads\/2025\/06\/image-23-1024x460.png\" alt=\"\" class=\"wp-image-1094\" style=\"width:419px;height:auto\" srcset=\"https:\/\/cuidativa.ufpel.edu.br\/wp-content\/uploads\/2025\/06\/image-23-1024x460.png 1024w, https:\/\/cuidativa.ufpel.edu.br\/wp-content\/uploads\/2025\/06\/image-23-400x180.png 400w, https:\/\/cuidativa.ufpel.edu.br\/wp-content\/uploads\/2025\/06\/image-23-768x345.png 768w, https:\/\/cuidativa.ufpel.edu.br\/wp-content\/uploads\/2025\/06\/image-23.png 1280w\" sizes=\"auto, (max-width: 1024px) 100vw, 1024px\" \/><\/figure>\n<\/div>\n\n\n<p><\/p>\n\n\n\n<p><strong>Dia Mundial dos Cuidados Paliativos<\/strong><\/p>\n\n\n\n<p>O Dia Mundial de Cuidados Paliativos \u00e9 comemorado sempre no segundo s\u00e1bado do m\u00eas de outubro. Essa data foi escolhida para promover a conscientiza\u00e7\u00e3o global sobre a import\u00e2ncia dos cuidados paliativos e para destacar a necessidade de ampliar o acesso a esses servi\u00e7os em todo o mundo.<\/p>\n\n\n\n<p>O Dia Mundial de Cuidados Paliativos ajuda a aumentar a conscientiza\u00e7\u00e3o sobre a import\u00e2ncia de oferecer conforto, dignidade e qualidade de vida \u00e0s pessoas que enfrentam doen\u00e7as graves ou terminais. Essa data serve para sensibilizar a sociedade, profissionais de sa\u00fade e governos sobre a necessidade de ampliar o acesso a esses cuidados, que envolvem aspectos f\u00edsicos, emocionais, sociais e espirituais.<\/p>\n\n\n\n<p>Al\u00e9m disso, esta celebra\u00e7\u00e3o promove a troca de informa\u00e7\u00f5es, experi\u00eancias e boas pr\u00e1ticas, incentivando a\u00e7\u00f5es que possam melhorar a assist\u00eancia \u00e0s pessoas que precisam de cuidados paliativos em todo o mundo. \u00c9 uma oportunidade de refor\u00e7ar o compromisso de garantir que todos tenham acesso a um cuidado humanizado e cuidativo.<\/p>\n\n\n\n<figure class=\"wp-block-gallery has-nested-images columns-3 is-cropped wp-block-gallery-1 is-layout-flex wp-block-gallery-is-layout-flex\">\n<figure class=\"wp-block-image size-large\"><img loading=\"lazy\" decoding=\"async\" width=\"225\" height=\"225\" data-id=\"1098\" src=\"https:\/\/cuidativa.ufpel.edu.br\/wordpress\/wp-content\/uploads\/2025\/06\/image-26.png\" alt=\"\" class=\"wp-image-1098\" srcset=\"https:\/\/cuidativa.ufpel.edu.br\/wp-content\/uploads\/2025\/06\/image-26.png 225w, https:\/\/cuidativa.ufpel.edu.br\/wp-content\/uploads\/2025\/06\/image-26-200x200.png 200w\" sizes=\"auto, (max-width: 225px) 100vw, 225px\" \/><\/figure>\n\n\n\n<figure class=\"wp-block-image size-large\"><img loading=\"lazy\" decoding=\"async\" width=\"225\" height=\"225\" data-id=\"1097\" src=\"https:\/\/cuidativa.ufpel.edu.br\/wordpress\/wp-content\/uploads\/2025\/06\/image-25.png\" alt=\"\" class=\"wp-image-1097\" srcset=\"https:\/\/cuidativa.ufpel.edu.br\/wp-content\/uploads\/2025\/06\/image-25.png 225w, https:\/\/cuidativa.ufpel.edu.br\/wp-content\/uploads\/2025\/06\/image-25-200x200.png 200w\" sizes=\"auto, (max-width: 225px) 100vw, 225px\" \/><\/figure>\n\n\n\n<figure class=\"wp-block-image size-large\"><img loading=\"lazy\" decoding=\"async\" width=\"279\" height=\"180\" data-id=\"1096\" src=\"https:\/\/cuidativa.ufpel.edu.br\/wordpress\/wp-content\/uploads\/2025\/06\/image-24.png\" alt=\"\" class=\"wp-image-1096\"\/><\/figure>\n\n\n\n<figure class=\"wp-block-image size-large\"><img loading=\"lazy\" decoding=\"async\" width=\"812\" height=\"458\" data-id=\"1099\" src=\"https:\/\/cuidativa.ufpel.edu.br\/wordpress\/wp-content\/uploads\/2025\/06\/image-27.png\" alt=\"\" class=\"wp-image-1099\" srcset=\"https:\/\/cuidativa.ufpel.edu.br\/wp-content\/uploads\/2025\/06\/image-27.png 812w, https:\/\/cuidativa.ufpel.edu.br\/wp-content\/uploads\/2025\/06\/image-27-400x226.png 400w, https:\/\/cuidativa.ufpel.edu.br\/wp-content\/uploads\/2025\/06\/image-27-768x433.png 768w\" sizes=\"auto, (max-width: 812px) 100vw, 812px\" \/><\/figure>\n<\/figure>\n\n\n\n<p>Fotos &#8211; Edi\u00e7\u00f5es anteriores<\/p>\n\n\n\n<p><strong>Festas e Comemora\u00e7\u00f5es<\/strong><\/p>\n\n\n\n<p>As festas de datas comemorativas em um servi\u00e7o de aten\u00e7\u00e3o \u00e0 sa\u00fade, especialmente em um servi\u00e7o refer\u00eancia para o SUS, t\u00eam uma import\u00e2ncia significativa. Elas ajudam a promover o bem-estar emocional, social e espiritual dos pacientes, criando momentos de alegria, conex\u00e3o e valoriza\u00e7\u00e3o da vida.<\/p>\n\n\n\n<p>Essas celebra\u00e7\u00f5es tamb\u00e9m fortalecem o v\u00ednculo entre equipe, pacientes e familiares, contribuindo para um ambiente mais acolhedor e humanizado. Al\u00e9m disso, as festas podem servir como uma oportunidade de sensibilizar a comunidade sobre a import\u00e2ncia dos cuidados paliativos, refor\u00e7ando o papel do servi\u00e7o na promo\u00e7\u00e3o da dignidade e qualidade de vida.<\/p>\n\n\n<div class=\"wp-block-image\">\n<figure class=\"aligncenter size-full is-resized\"><img loading=\"lazy\" decoding=\"async\" width=\"720\" height=\"538\" src=\"https:\/\/cuidativa.ufpel.edu.br\/wordpress\/wp-content\/uploads\/2025\/06\/image-28.png\" alt=\"\" class=\"wp-image-1101\" style=\"width:417px;height:auto\" srcset=\"https:\/\/cuidativa.ufpel.edu.br\/wp-content\/uploads\/2025\/06\/image-28.png 720w, https:\/\/cuidativa.ufpel.edu.br\/wp-content\/uploads\/2025\/06\/image-28-400x299.png 400w\" sizes=\"auto, (max-width: 720px) 100vw, 720px\" \/><\/figure>\n<\/div>","protected":false},"excerpt":{"rendered":"<p>Congresso de Cuidados Paliativos do Mercosul \u00c9 uma atividade que qualifica a import\u00e2ncia dos cuidados paliativos na forma\u00e7\u00e3o daqueles que se interessam pelo tema e que possivelmente estar\u00e3o diante de pessoas que apresentam doen\u00e7as amea\u00e7adoras \u00e0 vida em diferentes cen\u00e1rios assistenciais. a primeira edi\u00e7\u00e3o foi em 2014 e desde ent\u00e3o ocorre de forma bianual e [&hellip;]<\/p>\n","protected":false},"author":1,"featured_media":0,"parent":0,"menu_order":0,"comment_status":"closed","ping_status":"closed","template":"","meta":{"footnotes":""},"class_list":["post-35","page","type-page","status-publish","hentry"],"_links":{"self":[{"href":"https:\/\/cuidativa.ufpel.edu.br\/index.php\/wp-json\/wp\/v2\/pages\/35","targetHints":{"allow":["GET"]}}],"collection":[{"href":"https:\/\/cuidativa.ufpel.edu.br\/index.php\/wp-json\/wp\/v2\/pages"}],"about":[{"href":"https:\/\/cuidativa.ufpel.edu.br\/index.php\/wp-json\/wp\/v2\/types\/page"}],"author":[{"embeddable":true,"href":"https:\/\/cuidativa.ufpel.edu.br\/index.php\/wp-json\/wp\/v2\/users\/1"}],"replies":[{"embeddable":true,"href":"https:\/\/cuidativa.ufpel.edu.br\/index.php\/wp-json\/wp\/v2\/comments?post=35"}],"version-history":[{"count":19,"href":"https:\/\/cuidativa.ufpel.edu.br\/index.php\/wp-json\/wp\/v2\/pages\/35\/revisions"}],"predecessor-version":[{"id":1180,"href":"https:\/\/cuidativa.ufpel.edu.br\/index.php\/wp-json\/wp\/v2\/pages\/35\/revisions\/1180"}],"wp:attachment":[{"href":"https:\/\/cuidativa.ufpel.edu.br\/index.php\/wp-json\/wp\/v2\/media?parent=35"}],"curies":[{"name":"wp","href":"https:\/\/api.w.org\/{rel}","templated":true}]}}