{"id":331,"date":"2025-04-24T21:29:56","date_gmt":"2025-04-25T00:29:56","guid":{"rendered":"https:\/\/cuidativa.ufpel.edu.br\/wordpress\/?page_id=331"},"modified":"2025-06-30T16:44:04","modified_gmt":"2025-06-30T19:44:04","slug":"mascaras-cuidativas-covid-19","status":"publish","type":"page","link":"https:\/\/cuidativa.ufpel.edu.br\/index.php\/mascaras-cuidativas-covid-19\/","title":{"rendered":"M\u00e1scaras CUIDATIVAS &#8211; Covid 19"},"content":{"rendered":"\n<p>As fam\u00edlias com pacientes em cuidados paliativos podem vir a se desorganizar em fun\u00e7\u00e3o da doen\u00e7a por isso, \u00e9 imprescind\u00edvel o acompanhamento sistem\u00e1tico que permite problematizar as vulnerabilidades que podem se apresentar tanto na ordem pr\u00e1tica como relacional.&nbsp;<\/p>\n\n\n\n<p>Todo esse cen\u00e1rio de vulnerabilidade social veio a se agravar no in\u00edcio de 2020 com a dissemina\u00e7\u00e3o de um v\u00edrus mortal, cujo primeiro caso foi registrado em dezembro de 2019 na cidade de Wuhan, na China. O v\u00edrus recebeu a nomenclatura de COVID-19 e rapidamente se espalhou para o mundo sendo classificado pela OMS como uma pandemia. Em virtude das orienta\u00e7\u00f5es iniciais dadas pela OMS sobre as medidas a serem tomadas no mundo inteiro que indicavam a necessidade de distanciamento social, a constante higiene das m\u00e3os e objetos, uma maior restri\u00e7\u00e3o de contato entre a popula\u00e7\u00e3o e o uso di\u00e1rio de m\u00e1scaras.&nbsp;<\/p>\n\n\n\n<p>Nesse sentido, a CUID<strong>ATIVA<\/strong> sentiu a necessidade de criar e desenvolver rapidamente um projeto que ao mesmo tempo envolvesse pacientes, familiares e volunt\u00e1rios, contribuindo para minimizar o cont\u00e1gio e consequentemente o achatamento da curva de contamina\u00e7\u00e3o populacional pela COVID \u2013 19.&nbsp;<\/p>\n\n\n\n<p>Assim, surgiu o Projeto <strong>M\u00e1scaras CUID<strong>ATIVA<\/strong>S<\/strong>, com o intuito de promover a conscientiza\u00e7\u00e3o da popula\u00e7\u00e3o quanto ao uso de m\u00e1scaras e tamb\u00e9m de oferec\u00ea-las gratuitamente aos setores mais vulner\u00e1veis. As m\u00e1scaras foram confeccionadas por volunt\u00e1rios da CUID<strong>ATIVA<\/strong> , em suas respectivas casas e com tecidos doados pela comunidade. Dessa forma, um ciclo vital de acolhimento, doa\u00e7\u00e3o comunit\u00e1ria, conscientiza\u00e7\u00e3o \u00e0 sa\u00fade, orienta\u00e7\u00e3o e educa\u00e7\u00e3o foi se formando o que motivou o uso massivo deste<strong> \u201cmanto protetor da vida\u201d.<\/strong><\/p>\n\n\n\n<p>A log\u00edstica das a\u00e7\u00f5es come\u00e7ou com a capta\u00e7\u00e3o de parceiros que contribu\u00edram com insumos e volunt\u00e1rios para a confec\u00e7\u00e3o e distribui\u00e7\u00e3o de m\u00e1scaras caseiras, al\u00e9m da equipe t\u00e9cnica da institui\u00e7\u00e3o que se dividiu entre o recolhimento das m\u00e1scaras, o processo de embalagem e a distribui\u00e7\u00e3o das mesmas. Tamb\u00e9m foi confeccionado um folder no qual constavam informa\u00e7\u00f5es sobre a import\u00e2ncia do uso da m\u00e1scara, realizando um processo de educa\u00e7\u00e3o em sa\u00fade.<\/p>\n\n\n\n<p>O projeto iniciou em meados de mar\u00e7o de 2020 e distribuiu mais de 100.000 m\u00e1scaras no munic\u00edpio de Pelotas e regi\u00e3o, al\u00e9m de atender outras regi\u00f5es do pa\u00eds como Mato Grosso do Sul e comunidades tradicionais do Alto Xing\u00fa (Quilombolas e Ind\u00edgenas).<\/p>\n\n\n\n<p>Se percebeu que atrav\u00e9s do acolhimento individual de cada paciente e familiar\/cuidador que participou e\/ou foi beneficiado com o projeto, obteve-se alguns indicadores de resultados positivos como: troca de viv\u00eancias e experi\u00eancias, melhora da qualidade de vida, atendimentos das regi\u00f5es mais vulner\u00e1veis do munic\u00edpio com a doa\u00e7\u00e3o das m\u00e1scaras. Vale ressaltar que toda a rede idealizada pela CUID<strong>ATIVA<\/strong> foi solid\u00e1ria contribuindo para o achatamento da curva, onde Pelotas foi o \u00faltimo munic\u00edpio do pa\u00eds com mais de 200 mil habitantes a ter \u00f3bitos em 2020 que ocorreram somente a partir do m\u00eas junho.<br>Veja algumas das nossas entregas:<\/p>\n\n\n\n<div class=\"wp-block-group is-content-justification-center is-layout-flex wp-container-core-group-is-layout-64b26803 wp-block-group-is-layout-flex\">\n<div class=\"wp-block-group is-content-justification-center is-nowrap is-layout-flex wp-container-core-group-is-layout-94bc23d7 wp-block-group-is-layout-flex\">\n<figure class=\"wp-block-image size-full is-resized\"><img loading=\"lazy\" decoding=\"async\" width=\"800\" height=\"554\" src=\"https:\/\/cuidativa.ufpel.edu.br\/wordpress\/wp-content\/uploads\/2025\/06\/image-4.jpeg\" alt=\"\" class=\"wp-image-1170\" style=\"width:389px;height:auto\" srcset=\"https:\/\/cuidativa.ufpel.edu.br\/wp-content\/uploads\/2025\/06\/image-4.jpeg 800w, https:\/\/cuidativa.ufpel.edu.br\/wp-content\/uploads\/2025\/06\/image-4-400x277.jpeg 400w, https:\/\/cuidativa.ufpel.edu.br\/wp-content\/uploads\/2025\/06\/image-4-768x532.jpeg 768w\" sizes=\"auto, (max-width: 800px) 100vw, 800px\" \/><\/figure>\n<\/div>\n\n\n\n<figure class=\"wp-block-image size-large is-resized\"><img loading=\"lazy\" decoding=\"async\" width=\"768\" height=\"1024\" src=\"https:\/\/cuidativa.ufpel.edu.br\/wordpress\/wp-content\/uploads\/2025\/06\/image-4-768x1024.png\" alt=\"\" class=\"wp-image-1060\" style=\"width:202px;height:auto\" srcset=\"https:\/\/cuidativa.ufpel.edu.br\/wp-content\/uploads\/2025\/06\/image-4-768x1024.png 768w, https:\/\/cuidativa.ufpel.edu.br\/wp-content\/uploads\/2025\/06\/image-4-300x400.png 300w, https:\/\/cuidativa.ufpel.edu.br\/wp-content\/uploads\/2025\/06\/image-4.png 780w\" sizes=\"auto, (max-width: 768px) 100vw, 768px\" \/><\/figure>\n\n\n\n<figure class=\"wp-block-image size-full is-resized\"><img loading=\"lazy\" decoding=\"async\" width=\"450\" height=\"600\" src=\"https:\/\/cuidativa.ufpel.edu.br\/wordpress\/wp-content\/uploads\/2025\/06\/image-5.png\" alt=\"\" class=\"wp-image-1061\" style=\"width:201px;height:auto\" srcset=\"https:\/\/cuidativa.ufpel.edu.br\/wp-content\/uploads\/2025\/06\/image-5.png 450w, https:\/\/cuidativa.ufpel.edu.br\/wp-content\/uploads\/2025\/06\/image-5-300x400.png 300w\" sizes=\"auto, (max-width: 450px) 100vw, 450px\" \/><\/figure>\n<\/div>\n\n\n\n<p>Projeto desenvolvido pela CUID<strong>ATIVA<\/strong> durante o per\u00edodo da Pandemia do COVID 19 com os seguintes objetivos:<\/p>\n\n\n\n<p>&#8211; Produ\u00e7\u00e3o de m\u00e1scaras caseiras em rede solid\u00e1ria- agregar m\u00e3o de obra de costureiras volunt\u00e1rias;<\/p>\n\n\n\n<p>&#8211; distribui\u00e7\u00e3o de m\u00e1scaras caseiras para contingentes vulner\u00e1veis em regi\u00f5es centrais, bairros e periferias no munic\u00edpio de Pelotas;<\/p>\n\n\n\n<p>&#8211; Disponibiliza\u00e7\u00e3o,, atrav\u00e9s de campanha publicit\u00e1ria, materiais informativos de educa\u00e7\u00e3o em sa\u00fade no contexto da COVID -19;- Contribui\u00e7\u00e3o e motiva\u00e7\u00e3o para o uso massivo de m\u00e1scaras em todo munic\u00edpio de Pelotas e RS (decretos de uso obrigat\u00f3rio), a fim de minimizar o cont\u00e1gio e consequente achatamento da curva de contamina\u00e7\u00e3o populacional pela COVID -19.<\/p>\n","protected":false},"excerpt":{"rendered":"<p>As fam\u00edlias com pacientes em cuidados paliativos podem vir a se desorganizar em fun\u00e7\u00e3o da doen\u00e7a por isso, \u00e9 imprescind\u00edvel o acompanhamento sistem\u00e1tico que permite problematizar as vulnerabilidades que podem se apresentar tanto na ordem pr\u00e1tica como relacional.&nbsp; Todo esse cen\u00e1rio de vulnerabilidade social veio a se agravar no in\u00edcio de 2020 com a dissemina\u00e7\u00e3o [&hellip;]<\/p>\n","protected":false},"author":1,"featured_media":0,"parent":0,"menu_order":0,"comment_status":"closed","ping_status":"closed","template":"","meta":{"footnotes":""},"class_list":["post-331","page","type-page","status-publish","hentry"],"_links":{"self":[{"href":"https:\/\/cuidativa.ufpel.edu.br\/index.php\/wp-json\/wp\/v2\/pages\/331","targetHints":{"allow":["GET"]}}],"collection":[{"href":"https:\/\/cuidativa.ufpel.edu.br\/index.php\/wp-json\/wp\/v2\/pages"}],"about":[{"href":"https:\/\/cuidativa.ufpel.edu.br\/index.php\/wp-json\/wp\/v2\/types\/page"}],"author":[{"embeddable":true,"href":"https:\/\/cuidativa.ufpel.edu.br\/index.php\/wp-json\/wp\/v2\/users\/1"}],"replies":[{"embeddable":true,"href":"https:\/\/cuidativa.ufpel.edu.br\/index.php\/wp-json\/wp\/v2\/comments?post=331"}],"version-history":[{"count":16,"href":"https:\/\/cuidativa.ufpel.edu.br\/index.php\/wp-json\/wp\/v2\/pages\/331\/revisions"}],"predecessor-version":[{"id":1177,"href":"https:\/\/cuidativa.ufpel.edu.br\/index.php\/wp-json\/wp\/v2\/pages\/331\/revisions\/1177"}],"wp:attachment":[{"href":"https:\/\/cuidativa.ufpel.edu.br\/index.php\/wp-json\/wp\/v2\/media?parent=331"}],"curies":[{"name":"wp","href":"https:\/\/api.w.org\/{rel}","templated":true}]}}