{"id":32,"date":"2025-01-04T19:10:45","date_gmt":"2025-01-04T22:10:45","guid":{"rendered":"https:\/\/cuidativa.ufpel.edu.br\/wordpress\/?page_id=32"},"modified":"2025-06-29T11:58:43","modified_gmt":"2025-06-29T14:58:43","slug":"conexoes-solidarias","status":"publish","type":"page","link":"https:\/\/cuidativa.ufpel.edu.br\/index.php\/conexoes-solidarias\/","title":{"rendered":"Nossas Conex\u00f5es"},"content":{"rendered":"\n<p><strong>A CUID<strong>ATIVA<\/strong> n\u00e3o anda s\u00f3. <\/strong>O nosso percurso \u00e9 constru\u00eddo coletivamente, sempre. Somos profissionais da sa\u00fade, volunt\u00e1rios\/as, pessoas e organiza\u00e7\u00f5es que acreditam no Cuidado como ferramenta para uma melhor qualidade de vida.<\/p>\n\n\n\n<p>Desta maneira, elencamos aqui alguns parceiros que fortalecem o que somos. Com quem, de maneiras distintas, temos alguma afinidade.<\/p>\n\n\n\n<p>Conhe\u00e7a:<br><\/p>\n\n\n\n<p><strong>Instituto Cuidativo<\/strong><\/p>\n\n\n\n<div class=\"wp-block-columns are-vertically-aligned-top is-layout-flex wp-container-core-columns-is-layout-9d6595d7 wp-block-columns-is-layout-flex\">\n<div class=\"wp-block-column is-vertically-aligned-top is-layout-flow wp-block-column-is-layout-flow\" style=\"flex-basis:100%\">\n<p>O Instituto Cuidativo criado em 2018, a Associa\u00e7\u00e3o Pr\u00f3 Centro Regional de Cuidados Paliativos UFPEL e outros servi\u00e7os de refer\u00eancia, carinhosamente chamada de Instituto Cuidativo, surge no contexto de colabora\u00e7\u00e3o e incentivo aos Cuidados Paliativos. O Instituto visa fomentar a capta\u00e7\u00e3o de recursos para melhorar e qualificar os espa\u00e7os de cuidado em sa\u00fade na CUID<strong>ATIVA<\/strong> FAMED e futuras instala\u00e7\u00f5es do Hospice. Por meio do Instituto, a escada e o elevador foram instalados na CUID<strong>ATIVA<\/strong>, al\u00e9m de mobili\u00e1rios e outras doa\u00e7\u00f5es de bens. Trata-se de uma entidade sem fins lucrativos que surgiu tamb\u00e9m pela necessidade de publiciza\u00e7\u00e3o, capacita\u00e7\u00e3o e forma\u00e7\u00e3o em cuidados paliativos.<\/p>\n<\/div>\n\n\n\n<div class=\"wp-block-column is-vertically-aligned-top is-layout-flow wp-block-column-is-layout-flow\" style=\"flex-basis:50%\">\n<figure class=\"wp-block-image is-resized\"><img decoding=\"async\" src=\"https:\/\/lh7-rt.googleusercontent.com\/docsz\/AD_4nXdejtWaURWxxBTLDqcXr9P-q-dy9pwVAioPHuUB5wZnWkugaxpnNZb0Y1hHqC11RqQurOo8-ARiEkyS8M3ehRZQ1K1WaXCMfICPKal0zVpwx2Jff7Zy3KIPOGfzGUDKdKIUsQn7?key=ujFjU-_KBTe_W-c25P17iUh2\" alt=\"\" style=\"width:280px;height:auto\"\/><\/figure>\n<\/div>\n<\/div>\n\n\n\n<p><strong>Secretaria Municipal de Sa\u00fade de Pelotas<\/strong><\/p>\n\n\n\n<div class=\"wp-block-columns is-layout-flex wp-container-core-columns-is-layout-9d6595d7 wp-block-columns-is-layout-flex\">\n<div class=\"wp-block-column is-vertically-aligned-top is-layout-flow wp-block-column-is-layout-flow\" style=\"flex-basis:100%\">\n<p>Compete \u00e0 Secretaria Municipal de Sa\u00fade, no \u00e2mbito local,&nbsp; dirigir o Sistema \u00danico de Sa\u00fade \u2013 SUS e promover, gerir, planejar, organizar e controlar a execu\u00e7\u00e3o das a\u00e7\u00f5es e dos servi\u00e7os de sa\u00fade desenvolvidos pelo Munic\u00edpio. Nesse sentido, a CUID<strong>ATIVA<\/strong> mant\u00e9m essa parceria com projetos atrav\u00e9s do Conv\u00eanio de Coopera\u00e7\u00e3o T\u00e9cnica, ofertando Cuidados Paliativos, PICS e Reabilita\u00e7\u00e3o Funcional para usu\u00e1rios do SUS, regulados pelo gestor municipal de Pelotas. Site: <a href=\"https:\/\/www.pelotas.rs.gov.br\">https:\/\/www.pelotas.rs.gov.br<\/a><\/p>\n<\/div>\n\n\n\n<div class=\"wp-block-column is-vertically-aligned-center is-layout-flow wp-block-column-is-layout-flow\" style=\"flex-basis:50%\"><div class=\"wp-block-image\">\n<figure class=\"aligncenter is-resized\"><a href=\"https:\/\/pelotas.com.br\/saude\" target=\"_blank\" rel=\" noreferrer noopener\"><img decoding=\"async\" src=\"https:\/\/lh7-rt.googleusercontent.com\/docsz\/AD_4nXeW8Dn-TktFVwuoRD4JFY5UQtmTC38u4bUw6FUqqYH91ffQdb_quBh0D1hNxAuaw8WHOV509GUMkQ3bm-u4FfiyVzh0auUYdM5AHNXi2Db8-ByrgjaT-3BpedZdrY16Ayg2tJTa?key=ujFjU-_KBTe_W-c25P17iUh2\" alt=\"\" style=\"width:143px;height:auto\"\/><\/a><\/figure>\n<\/div><\/div>\n<\/div>\n\n\n\n<p><strong>Festival de M\u00fasica&nbsp; \/ SESC<\/strong><\/p>\n\n\n\n<div class=\"wp-block-columns are-vertically-aligned-center is-layout-flex wp-container-core-columns-is-layout-9d6595d7 wp-block-columns-is-layout-flex\">\n<div class=\"wp-block-column is-vertically-aligned-center is-layout-flow wp-block-column-is-layout-flow\" style=\"flex-basis:100%\">\n<p>O Festival Internacional Sesc de M\u00fasica ocorre a cada ano na cidade de Pelotas direcionado para estudantes, profissionais e simpatizantes da m\u00fasica, onde s\u00e3o realizados concertos, recitais de alunos, recitais de professores e diversos espet\u00e1culos musicais para a comunidade. Um evento consolidado no munic\u00edpio, que agrega na cultura, na educa\u00e7\u00e3o, na economia, na arte e que recebe alunos, professores, equipe e p\u00fablico, para fazer hist\u00f3ria mais uma vez e, a CUID<strong>ATIVA<\/strong> faz parte dessa intensa programa\u00e7\u00e3o estando no hall de institui\u00e7\u00f5es que recebem as apresenta\u00e7\u00f5es. Site: <a href=\"https:\/\/www.sesc-rs.com.br\/festival\">https:\/\/www.sesc-rs.com.br\/festival<\/a><\/p>\n<\/div>\n\n\n\n<div class=\"wp-block-column is-vertically-aligned-center is-layout-flow wp-block-column-is-layout-flow\" style=\"flex-basis:50%\"><div class=\"wp-block-image\">\n<figure class=\"alignleft is-resized\"><img decoding=\"async\" src=\"https:\/\/lh7-rt.googleusercontent.com\/docsz\/AD_4nXfj6WVKHMZF8jvcGcmdHHhnn7pIdpcj6n3dqxEHonC-dWyUQcA2ask5QeghM-XvIoI20yyIAai9N0ochLVfTQHInOkX8dapSyh0G0MbBvhumD8pwy4NuUnB2-tOxqB_065v-gSplA?key=ujFjU-_KBTe_W-c25P17iUh2\" alt=\"\" style=\"width:272px;height:auto\"\/><\/figure>\n<\/div><\/div>\n<\/div>\n\n\n\n<p><strong>Minist\u00e9rio da Sa\u00fade \/ SAPS<\/strong><\/p>\n\n\n\n<div class=\"wp-block-columns is-layout-flex wp-container-core-columns-is-layout-9d6595d7 wp-block-columns-is-layout-flex\">\n<div class=\"wp-block-column is-vertically-aligned-top is-layout-flow wp-block-column-is-layout-flow\" style=\"flex-basis:100%\">\n<p>A CUID<strong>ATIVA<\/strong> \/ UFPEL em parceria com Secretaria de Aten\u00e7\u00e3o Prim\u00e1ria \u00e0 Sa\u00fade \/ MS firmou um&nbsp; Termo de Execu\u00e7\u00e3o Descentralizada, a fim de aperfei\u00e7oar o n\u00edvel de qualifica\u00e7\u00e3o dos profissionais que atuam na Aten\u00e7\u00e3o Prim\u00e1ria \u00e0 Sa\u00fade (APS) para identificar, manejar e controlar a Dor Cr\u00f4nica (DC) e S\u00edndromes Dolorosas mais frequentes que acometem os usu\u00e1rios da APS. Essa qualifica\u00e7\u00e3o pretende alcan\u00e7ar em torno de 1000 profissionais vinculados \u00e0s equipes de Aten\u00e7\u00e3o Prim\u00e1ria \u00e0 Sa\u00fade, promovendo um espa\u00e7o de forma\u00e7\u00e3o autoinstrucional associado a um plano de a\u00e7\u00e3o, totalizando 180 horas de forma\u00e7\u00e3o profissional. Site: <a href=\"https:\/\/www.gov.br\/saude\/pt-br\/composicao\/saps\">https:\/\/www.gov.br\/saude\/pt-br\/composicao\/saps<\/a><\/p>\n<\/div>\n\n\n\n<div class=\"wp-block-column is-vertically-aligned-center is-layout-flow wp-block-column-is-layout-flow\" style=\"flex-basis:50%\">\n<figure class=\"wp-block-image is-resized\"><img decoding=\"async\" src=\"https:\/\/lh7-rt.googleusercontent.com\/docsz\/AD_4nXcHLC0L6FkmtHwDggAmyzbRnSwAhlwM1cBccvwcJE5mywxhD5-C-BK61GPcdniHLugiq8gSrx3Mr756KDbDLU-1UOx_dVKpqEWjcnnfYGvdz7YzyGfRffy9P-p5XGeKjl353sC5?key=ujFjU-_KBTe_W-c25P17iUh2\" alt=\"\" style=\"width:291px;height:auto\"\/><\/figure>\n\n\n\n<figure class=\"wp-block-image is-resized\"><img decoding=\"async\" src=\"https:\/\/lh7-rt.googleusercontent.com\/docsz\/AD_4nXfLwgIJYCs2IJNF6ih80r1VrQva35S-hgtxVJersS01SBbNldit7b7LniN4oi5to6gB8f6eaY2WnaybqITcK6vBgIK25yb6xcOXsGmvecXa_r_GeoTfk4Zk0bSZ6nLiQBYQgyzqxg?key=ujFjU-_KBTe_W-c25P17iUh2\" alt=\"\" style=\"width:296px;height:auto\"\/><\/figure>\n<\/div>\n<\/div>\n\n\n\n<p><strong>Faculdades Anhanguera de Pelotas<\/strong><\/p>\n\n\n\n<div class=\"wp-block-columns is-layout-flex wp-container-core-columns-is-layout-9d6595d7 wp-block-columns-is-layout-flex\">\n<div class=\"wp-block-column is-layout-flow wp-block-column-is-layout-flow\" style=\"flex-basis:100%\">\n<p>A CUID<strong>ATIVA<\/strong> \/ UFPEL em parceria com a Faculdade Anhanguera de Pelotas firmou um&nbsp; conv\u00eanio, desde o ano de 2022,&nbsp; a fim de proporcionar campo de est\u00e1gio curricular aos estudantes do Curso de Fisioterapia&nbsp; desta institui\u00e7\u00e3o. Desde ent\u00e3o, v\u00e1rias turmas j\u00e1 passaram por este servi\u00e7o sempre com a orienta\u00e7\u00e3o de professores e\/ou tutores vinculados \u00e0 Anhanguera. Instagram: <a href=\"https:\/\/www.instagram.com\/anhanguera_pelotas\">https:\/\/www.instagram.com\/anhanguera_pelotas<\/a><a href=\"https:\/\/www.instagram.com\/anhanguera_pelotas\/?hl=pt\"><\/a><a href=\"https:\/\/www.instagram.com\/anhanguera_pelotas\/?hl=pt\"><\/a><a href=\"https:\/\/www.instagram.com\/anhanguera_pelotas\/?hl=pt\"><\/a><\/p>\n<\/div>\n\n\n\n<div class=\"wp-block-column is-layout-flow wp-block-column-is-layout-flow\" style=\"flex-basis:50%\"><div class=\"wp-block-image\">\n<figure class=\"aligncenter size-full is-resized\"><img loading=\"lazy\" decoding=\"async\" width=\"186\" height=\"169\" src=\"https:\/\/cuidativa.ufpel.edu.br\/wordpress\/wp-content\/uploads\/2025\/05\/unnamed.png\" alt=\"\" class=\"wp-image-853\" style=\"width:185px;height:auto\"\/><\/figure>\n<\/div><\/div>\n<\/div>\n\n\n\n<p><strong>Instituto Premier<\/strong><\/p>\n\n\n\n<div class=\"wp-block-columns is-layout-flex wp-container-core-columns-is-layout-9d6595d7 wp-block-columns-is-layout-flex\">\n<div class=\"wp-block-column is-vertically-aligned-top is-layout-flow wp-block-column-is-layout-flow\" style=\"flex-basis:100%\">\n<p>O Instituto Premier concentra projetos promovidos desde a funda\u00e7\u00e3o do Hospital Premier nos campos do ensino, da pesquisa, da cultura e de a\u00e7\u00f5es sociais, como o Pr\u00eamio Averroes, o curso Viver a M\u00fasica, a revista Prata da Casa, o projeto Bairro Amigo do Idoso e o Encontro Brasileiro de Servi\u00e7os e Ligas Acad\u00eamicas de Cuidados Paliativos. Saiba mais em&nbsp;<a href=\"http:\/\/www.institutopremier.org.br\/\" target=\"_blank\" rel=\"noreferrer noopener\">www.institutopremier.org.br<\/a><a href=\"https:\/\/www.instagram.com\/anhanguera_pelotas\/?hl=pt\"><\/a><a href=\"https:\/\/www.instagram.com\/anhanguera_pelotas\/?hl=pt\"><\/a><a href=\"https:\/\/www.instagram.com\/anhanguera_pelotas\/?hl=pt\"><\/a><\/p>\n<\/div>\n\n\n\n<div class=\"wp-block-column is-vertically-aligned-center is-layout-flow wp-block-column-is-layout-flow\" style=\"flex-basis:50%\"><div class=\"wp-block-image\">\n<figure class=\"aligncenter size-full is-resized\"><img loading=\"lazy\" decoding=\"async\" width=\"1080\" height=\"1158\" src=\"https:\/\/cuidativa.ufpel.edu.br\/wordpress\/wp-content\/uploads\/2025\/05\/logo_premier.png\" alt=\"\" class=\"wp-image-990\" style=\"width:136px;height:auto\" srcset=\"https:\/\/cuidativa.ufpel.edu.br\/wp-content\/uploads\/2025\/05\/logo_premier.png 1080w, https:\/\/cuidativa.ufpel.edu.br\/wp-content\/uploads\/2025\/05\/logo_premier-373x400.png 373w, https:\/\/cuidativa.ufpel.edu.br\/wp-content\/uploads\/2025\/05\/logo_premier-955x1024.png 955w, https:\/\/cuidativa.ufpel.edu.br\/wp-content\/uploads\/2025\/05\/logo_premier-768x823.png 768w\" sizes=\"auto, (max-width: 1080px) 100vw, 1080px\" \/><\/figure>\n<\/div><\/div>\n<\/div>\n\n\n\n<p><strong>Minist\u00e9rio da Sa\u00fade \/ SAES<\/strong><\/p>\n\n\n\n<div class=\"wp-block-columns is-layout-flex wp-container-core-columns-is-layout-9d6595d7 wp-block-columns-is-layout-flex\">\n<div class=\"wp-block-column is-vertically-aligned-top is-layout-flow wp-block-column-is-layout-flow\" style=\"flex-basis:100%\">\n<p>A CUID<strong>ATIVA<\/strong>\u00a0\/ UFPEL em parceria com Secretaria de Aten\u00e7\u00e3o Especializada \u00e0 Sa\u00fade \/ SAES \/ MS, est\u00e1 tramitando o pedido de habilita\u00e7\u00e3o de duas (2) Equipes Matriciais de Cuidados Paliativos (EMCP), e tr\u00eas (3) Equipes Assistenciais de Cuidados Paliativos (EACP), cujo a din\u00e2mica das equipes ser\u00e1 a assessoria t\u00e9cnica para todos os componentes da Rede de Servi\u00e7os da Macro Sul, e Munic\u00edpio de Pelotas\/RS, que eventualmente venham lidar com demandas referentes aos cuidados paliativos, inclusive no que se refere a forma\u00e7\u00e3o permanente. Essa rede envolve, as Unidades B\u00e1sicas de Sa\u00fade; Hospitais; Servi\u00e7os de Aten\u00e7\u00e3o Domiciliar e Unidades de Pronto Atendimento.<a href=\"https:\/\/www.instagram.com\/anhanguera_pelotas\/?hl=pt\"><\/a><a href=\"https:\/\/www.instagram.com\/anhanguera_pelotas\/?hl=pt\"><\/a><a href=\"https:\/\/www.instagram.com\/anhanguera_pelotas\/?hl=pt\"><\/a><\/p>\n<\/div>\n\n\n\n<div class=\"wp-block-column is-vertically-aligned-center is-layout-flow wp-block-column-is-layout-flow\" style=\"flex-basis:50%\"><div class=\"wp-block-image\">\n<figure class=\"aligncenter size-full is-resized\"><img loading=\"lazy\" decoding=\"async\" width=\"299\" height=\"168\" src=\"https:\/\/cuidativa.ufpel.edu.br\/wordpress\/wp-content\/uploads\/2025\/06\/image-6.png\" alt=\"\" class=\"wp-image-1064\" style=\"width:269px;height:auto\"\/><\/figure>\n<\/div><\/div>\n<\/div>\n\n\n\n<p><strong>Secretaria Estadual de Sa\u00fade do RS<\/strong><\/p>\n\n\n\n<div class=\"wp-block-columns is-layout-flex wp-container-core-columns-is-layout-9d6595d7 wp-block-columns-is-layout-flex\">\n<div class=\"wp-block-column is-vertically-aligned-top is-layout-flow wp-block-column-is-layout-flow\" style=\"flex-basis:100%\">\n<p><br>Compete \u00e0 Secretaria Estadual de Sa\u00fade, no \u00e2mbito Estadual a coordena\u00e7\u00e3o e implementa\u00e7\u00e3o das pol\u00edticas de sa\u00fade no estado, garantindo o funcionamento e fortalecimento do Sistema \u00danico de Sa\u00fade (SUS).\u00a0Incluindo o planejamento, organiza\u00e7\u00e3o, execu\u00e7\u00e3o e controle das a\u00e7\u00f5es e servi\u00e7os de sa\u00fade, buscando aprimorar os processos de trabalho e instrumentos de gest\u00e3o do SUS. Nesse sentido, a CUID<strong>ATIVA<\/strong>\u00a0mant\u00e9m essa parceria com projetos e a\u00e7\u00f5es de fortalecimento do SUS na regi\u00e3o.<a href=\"https:\/\/www.instagram.com\/anhanguera_pelotas\/?hl=pt\"><\/a><a href=\"https:\/\/www.instagram.com\/anhanguera_pelotas\/?hl=pt\"><\/a><a href=\"https:\/\/www.instagram.com\/anhanguera_pelotas\/?hl=pt\"><\/a><\/p>\n<\/div>\n\n\n\n<div class=\"wp-block-column is-vertically-aligned-center is-layout-flow wp-block-column-is-layout-flow\" style=\"flex-basis:50%\"><div class=\"wp-block-image\">\n<figure class=\"aligncenter size-full\"><img loading=\"lazy\" decoding=\"async\" width=\"390\" height=\"129\" src=\"https:\/\/cuidativa.ufpel.edu.br\/wordpress\/wp-content\/uploads\/2025\/06\/image-7.png\" alt=\"\" class=\"wp-image-1066\"\/><\/figure>\n<\/div><\/div>\n<\/div>\n\n\n\n<p><br><strong>Conselho Municipal de Sa\u00fade de Pelotas<\/strong><\/p>\n\n\n\n<div class=\"wp-block-columns is-layout-flex wp-container-core-columns-is-layout-9d6595d7 wp-block-columns-is-layout-flex\">\n<div class=\"wp-block-column is-vertically-aligned-top is-layout-flow wp-block-column-is-layout-flow\" style=\"flex-basis:100%\">\n<p>O conselho Municipal de Sa\u00fade \u00e9 um \u00f3rg\u00e3o colegiado deliberativo que\u00a0atua na formula\u00e7\u00e3o e controle da execu\u00e7\u00e3o da pol\u00edtica municipal de sa\u00fade, incluindo aspectos econ\u00f4micos e financeiros, estrat\u00e9gias e promo\u00e7\u00e3o do controle social, tanto no setor p\u00fablico quanto privado.\u00a0Ele \u00e9 fundamental para garantir a participa\u00e7\u00e3o social na gest\u00e3o da sa\u00fade e a democratiza\u00e7\u00e3o das pol\u00edticas p\u00fablicas.<br>\u00a0A CUIDATIVA \u00e9 parceira das a\u00e7\u00f5es do conselho, atuando, principalmente, nas Pr\u00e9s Confer\u00eancias municipais de Sa\u00fade.<a href=\"https:\/\/www.instagram.com\/anhanguera_pelotas\/?hl=pt\"><\/a><a href=\"https:\/\/www.instagram.com\/anhanguera_pelotas\/?hl=pt\"><\/a><a href=\"https:\/\/www.instagram.com\/anhanguera_pelotas\/?hl=pt\"><\/a><\/p>\n<\/div>\n\n\n\n<div class=\"wp-block-column is-vertically-aligned-center is-layout-flow wp-block-column-is-layout-flow\" style=\"flex-basis:50%\">\n<figure class=\"wp-block-image size-full\"><img loading=\"lazy\" decoding=\"async\" width=\"310\" height=\"163\" src=\"https:\/\/cuidativa.ufpel.edu.br\/wordpress\/wp-content\/uploads\/2025\/06\/image-8.png\" alt=\"\" class=\"wp-image-1067\"\/><\/figure>\n<\/div>\n<\/div>\n\n\n\n<p><strong>Conselho Municipal do Idoso de Pelotas<\/strong><\/p>\n\n\n\n<div class=\"wp-block-columns is-layout-flex wp-container-core-columns-is-layout-9d6595d7 wp-block-columns-is-layout-flex\">\n<div class=\"wp-block-column is-vertically-aligned-top is-layout-flow wp-block-column-is-layout-flow\" style=\"flex-basis:100%\">\n<p><br>O Conselho Municipal do Idoso de Pelotas \u00e9 um \u00f3rg\u00e3o colegiado, permanente, parit\u00e1rio, deliberativo e fiscalizador, criado para garantir o cumprimento da Pol\u00edtica Municipal da Pessoa Idosa e assegurar os direitos dos idosos no munic\u00edpio.\u00a0Ele atua como um f\u00f3rum aut\u00f4nomo e opinativo, com o objetivo de promover a autonomia, integra\u00e7\u00e3o e participa\u00e7\u00e3o efetiva da pessoa idosa na sociedade.<\/p>\n<\/div>\n\n\n\n<div class=\"wp-block-column is-layout-flow wp-block-column-is-layout-flow\" style=\"flex-basis:50%\"><div class=\"wp-block-image\">\n<figure class=\"aligncenter size-full is-resized\"><img loading=\"lazy\" decoding=\"async\" width=\"135\" height=\"118\" src=\"https:\/\/cuidativa.ufpel.edu.br\/wordpress\/wp-content\/uploads\/2025\/06\/conselho-idoso.png\" alt=\"\" class=\"wp-image-1071\" style=\"width:177px;height:auto\"\/><\/figure>\n<\/div><\/div>\n<\/div>\n\n\n\n<p><br><strong>ASUFPEL<\/strong><\/p>\n\n\n\n<div class=\"wp-block-columns is-layout-flex wp-container-core-columns-is-layout-9d6595d7 wp-block-columns-is-layout-flex\">\n<div class=\"wp-block-column is-layout-flow wp-block-column-is-layout-flow\" style=\"flex-basis:100%\">\n<p>\u00c9 uma entidade sindical que representa os servidores t\u00e9cnicos-administrativos e docentes da Universidade Federal de Pelotas (UFPel) e da Universidade Federal de Cap\u00e3o do Le\u00e3o, atuando na defesa dos direitos e interesses da categoria, buscando melhorias nas condi\u00e7\u00f5es de trabalho e valoriza\u00e7\u00e3o profissional.<br>\u00a0A ASUFPEL e a CUIDATIVA mant\u00eam uma forte parceria desde o in\u00edcio da sua cria\u00e7\u00e3o, inclusive mediando conflitos e participando ativamente em discuss\u00f5es e lutas contra interven\u00e7\u00f5es na CUIDATIVA.<a href=\"https:\/\/www.instagram.com\/anhanguera_pelotas\/?hl=pt\"><\/a><a href=\"https:\/\/www.instagram.com\/anhanguera_pelotas\/?hl=pt\"><\/a><a href=\"https:\/\/www.instagram.com\/anhanguera_pelotas\/?hl=pt\"><\/a><\/p>\n<\/div>\n\n\n\n<div class=\"wp-block-column is-vertically-aligned-center is-layout-flow wp-block-column-is-layout-flow\" style=\"flex-basis:50%\"><div class=\"wp-block-image\">\n<figure class=\"aligncenter size-full\"><img loading=\"lazy\" decoding=\"async\" width=\"254\" height=\"113\" src=\"https:\/\/cuidativa.ufpel.edu.br\/wordpress\/wp-content\/uploads\/2025\/06\/image-10.png\" alt=\"\" class=\"wp-image-1072\"\/><\/figure>\n<\/div><\/div>\n<\/div>\n\n\n\n<p><\/p>\n","protected":false},"excerpt":{"rendered":"<p>A CUIDATIVA n\u00e3o anda s\u00f3. O nosso percurso \u00e9 constru\u00eddo coletivamente, sempre. Somos profissionais da sa\u00fade, volunt\u00e1rios\/as, pessoas e organiza\u00e7\u00f5es que acreditam no Cuidado como ferramenta para uma melhor qualidade de vida. Desta maneira, elencamos aqui alguns parceiros que fortalecem o que somos. Com quem, de maneiras distintas, temos alguma afinidade. Conhe\u00e7a: Instituto Cuidativo O [&hellip;]<\/p>\n","protected":false},"author":1,"featured_media":0,"parent":0,"menu_order":0,"comment_status":"closed","ping_status":"closed","template":"","meta":{"footnotes":""},"class_list":["post-32","page","type-page","status-publish","hentry"],"_links":{"self":[{"href":"https:\/\/cuidativa.ufpel.edu.br\/index.php\/wp-json\/wp\/v2\/pages\/32","targetHints":{"allow":["GET"]}}],"collection":[{"href":"https:\/\/cuidativa.ufpel.edu.br\/index.php\/wp-json\/wp\/v2\/pages"}],"about":[{"href":"https:\/\/cuidativa.ufpel.edu.br\/index.php\/wp-json\/wp\/v2\/types\/page"}],"author":[{"embeddable":true,"href":"https:\/\/cuidativa.ufpel.edu.br\/index.php\/wp-json\/wp\/v2\/users\/1"}],"replies":[{"embeddable":true,"href":"https:\/\/cuidativa.ufpel.edu.br\/index.php\/wp-json\/wp\/v2\/comments?post=32"}],"version-history":[{"count":26,"href":"https:\/\/cuidativa.ufpel.edu.br\/index.php\/wp-json\/wp\/v2\/pages\/32\/revisions"}],"predecessor-version":[{"id":1077,"href":"https:\/\/cuidativa.ufpel.edu.br\/index.php\/wp-json\/wp\/v2\/pages\/32\/revisions\/1077"}],"wp:attachment":[{"href":"https:\/\/cuidativa.ufpel.edu.br\/index.php\/wp-json\/wp\/v2\/media?parent=32"}],"curies":[{"name":"wp","href":"https:\/\/api.w.org\/{rel}","templated":true}]}}